{"id":44917,"date":"2025-09-11T14:30:18","date_gmt":"2025-09-11T14:30:18","guid":{"rendered":"https:\/\/tenix.eu\/?page_id=44917"},"modified":"2026-01-12T09:13:18","modified_gmt":"2026-01-12T09:13:18","slug":"demonstrasjon","status":"publish","type":"page","link":"https:\/\/tenix.eu\/no\/demo\/","title":{"rendered":"Demo"},"content":{"rendered":"<div class=\"gb-element-92a43673\">\n<div class=\"gb-element-67455f18\">\n<a href=\"https:\/\/tenix.eu\/no\/\"><img loading=\"lazy\" decoding=\"async\" width=\"221\" height=\"88\" class=\"gb-media-7e788f4b\" src=\"https:\/\/tenix.eu\/wp-content\/uploads\/2025\/09\/Tenix-logo-wt.svg\" alt=\"Bestill en demo med en Tenix-ekspert\"\/><\/a>\n\n\n\n<h2 class=\"gb-text gb-text-298bb1fc\"><strong>Se Tenix i aksjon<\/strong><\/h2>\n\n\n\n<p class=\"gb-text gb-text-5df4c9b4\">L\u00e6r hvordan Tenix kan hjelpe deg med \u00e5 kutte kostnader, \u00f8ke p\u00e5liteligheten til tjenestene og forenkle driften av fl\u00e5ten. Bestill en personlig demonstrasjon og f\u00e5 svar skreddersydd for fl\u00e5ten din.<\/p>\n\n\n\n<div class=\"gb-element-f56de56a\">\n<p class=\"gb-text gb-text-29599372\">Finner du ikke et tidspunkt som passer?<\/p>\n\n\n\n<a class=\"gb-text gbp-button--primary gb-text-3a565f3c\" href=\"https:\/\/tenix.eu\/no\/kontakt\/\">Kontakt oss<\/a>\n<\/div>\n<\/div>\n\n\n\n<div class=\"gb-element-f54f346b\">\n<div class=\"wp-block-leadin-hubspot-meeting-block\">\n\t\t<div class=\"meetings-iframe-container\" data-src=\"https:\/\/meetings-eu1.hubspot.com\/caroline-kverne?embed=true\"><\/div>\n\t\t<script>\n\t\t\tif(window.hbspt && window.hbspt.meetings){\n\t\t\t\twindow.hbspt.meetings.create(\".meetings-iframe-container\");\n\t\t\t}\n\t\t\t<\/script>\n\t\t<\/div>\n\n\n\n<div class=\"gb-element-f3eaa4ea\">\n<p class=\"gb-text gb-text-d3ec6ec5\">Finner du ikke et tidspunkt som passer?<\/p>\n\n\n\n<a class=\"gb-text gbp-button--primary gb-text-06076071\" href=\"https:\/\/tenix.eu\/no\/kontakt\/\">Kontakt oss<\/a>\n<\/div>\n<\/div>\n<\/div>","protected":false},"excerpt":{"rendered":"<p>See Tenix in Action Learn how Tenix can help you cut costs, boost service reliability, and simplify fleet operations. Book a personalized demo and get answers tailored to your fleet. Can&#8217;t find a time that works? Contact us Can&#8217;t find a time that works? Contact us<\/p>","protected":false},"author":18,"featured_media":50119,"parent":0,"menu_order":0,"comment_status":"closed","ping_status":"closed","template":"","meta":{"_acf_changed":false,"content-type":"","footnotes":""},"class_list":["post-44917","page","type-page","status-publish","has-post-thumbnail"],"acf":[],"_links":{"self":[{"href":"https:\/\/tenix.eu\/no\/wp-json\/wp\/v2\/pages\/44917","targetHints":{"allow":["GET"]}}],"collection":[{"href":"https:\/\/tenix.eu\/no\/wp-json\/wp\/v2\/pages"}],"about":[{"href":"https:\/\/tenix.eu\/no\/wp-json\/wp\/v2\/types\/page"}],"author":[{"embeddable":true,"href":"https:\/\/tenix.eu\/no\/wp-json\/wp\/v2\/users\/18"}],"replies":[{"embeddable":true,"href":"https:\/\/tenix.eu\/no\/wp-json\/wp\/v2\/comments?post=44917"}],"version-history":[{"count":37,"href":"https:\/\/tenix.eu\/no\/wp-json\/wp\/v2\/pages\/44917\/revisions"}],"predecessor-version":[{"id":50999,"href":"https:\/\/tenix.eu\/no\/wp-json\/wp\/v2\/pages\/44917\/revisions\/50999"}],"wp:featuredmedia":[{"embeddable":true,"href":"https:\/\/tenix.eu\/no\/wp-json\/wp\/v2\/media\/50119"}],"wp:attachment":[{"href":"https:\/\/tenix.eu\/no\/wp-json\/wp\/v2\/media?parent=44917"}],"curies":[{"name":"wp","href":"https:\/\/api.w.org\/{rel}","templated":true}]}}