{"id":47431,"date":"2025-09-23T15:58:35","date_gmt":"2025-09-23T15:58:35","guid":{"rendered":"https:\/\/tenix.eu\/?page_id=47431"},"modified":"2026-03-18T14:34:59","modified_gmt":"2026-03-18T14:34:59","slug":"karriere","status":"publish","type":"page","link":"https:\/\/tenix.eu\/no\/careers\/","title":{"rendered":"Karriere hos Tenix"},"content":{"rendered":"<div class=\"gb-element-310da824\">\n<div class=\"gb-element-8b218571\">\n<p class=\"gbp-section__tagline gb-text-91a917e5 tenix-pulse\"><span class=\"gb-shape\"><svg aria-hidden=\"true\" role=\"img\" height=\"1em\" width=\"1em\" viewbox=\"0 0 512 512\" xmlns=\"http:\/\/www.w3.org\/2000\/svg\"><path fill=\"currentColor\" d=\"M256 8C119 8 8 119 8 256s111 248 248 248 248-111 248-248S393 8 256 8z\"><\/path><\/svg><\/span><span class=\"gb-text\">Karriere<\/span><\/p>\n\n\n\n<h1 class=\"gb-text gbp-section__headline gb-text-4de6ac73\"><span class=\"ez-toc-section\" id=\"Building_Cutting-Edge_Tech_for_a_Greener_Future\"><\/span>Bygger banebrytende teknologi for en gr\u00f8nnere fremtid<span class=\"ez-toc-section-end\"><\/span><\/h1>\n\n\n\n<p class=\"gb-text gbp-section__text gb-text-9f55071a\">Vi former fremtidens transport.<\/p>\n\n\n\n<a class=\"gb-text gbp-button--primary gb-text-aef851c2 smooth-scroll\" href=\"#roles\">Se ledige stillinger<\/a>\n<\/div>\n<\/div>\n\n\n\n<div class=\"gbp-section gb-element-6e0874d2\">\n<div class=\"gbp-section__inner gb-element-14d49c3d\">\n<div>\n<div class=\"gb-element-7ec88463\">\n<div class=\"gb-element-fe28addf\">\n<div class=\"gbp--border-radius gb-element-cdf9bdc4\"><\/div>\n\n\n\n<div class=\"gbp--border-radius gb-element-9f0be5b5\"><\/div>\n<\/div>\n\n\n\n<div>\n<div class=\"gbp--border-radius gb-element-a0b5d19b\"><\/div>\n\n\n\n<div class=\"gbp--border-radius gb-element-45b80435\"><\/div>\n<\/div>\n\n\n\n<div>\n<div class=\"gbp--border-radius gb-element-6692bfeb\"><\/div>\n<\/div>\n\n\n\n<div>\n<div class=\"gbp--border-radius gb-element-b7c92b06\"><\/div>\n\n\n\n<div class=\"gbp--border-radius gb-element-5a331401\"><\/div>\n<\/div>\n<\/div>\n\n\n\n<img loading=\"lazy\" decoding=\"async\" width=\"1593\" height=\"641\" class=\"gb-media-392669bc\" src=\"https:\/\/tenix.eu\/wp-content\/uploads\/2025\/10\/image.png\" alt=\"karriere hos tenix\" srcset=\"https:\/\/tenix.eu\/wp-content\/uploads\/2025\/10\/image.png 1593w, https:\/\/tenix.eu\/wp-content\/uploads\/2025\/10\/image-300x121.png 300w, https:\/\/tenix.eu\/wp-content\/uploads\/2025\/10\/image-1024x412.png 1024w, https:\/\/tenix.eu\/wp-content\/uploads\/2025\/10\/image-768x309.png 768w, https:\/\/tenix.eu\/wp-content\/uploads\/2025\/10\/image-1536x618.png 1536w, https:\/\/tenix.eu\/wp-content\/uploads\/2025\/10\/image-18x7.png 18w\" sizes=\"auto, (max-width: 1593px) 100vw, 1593px\" \/>\n<\/div>\n<\/div>\n<\/div>\n\n\n\n<div class=\"gbp--border-radius full-width gb-element-f1a3b588\">\n<div class=\"gbp-section__inner gb-element-fee9ce44\">\n<div class=\"gb-element-5fdbc243\">\n<div class=\"gb-element-befd684f\">\n<h2 class=\"gb-text gb-text-76448017\"><span class=\"ez-toc-section\" id=\"Greetings_from_the_CEO\"><\/span>Hilsen fra administrerende direkt\u00f8r<span class=\"ez-toc-section-end\"><\/span><\/h2>\n<\/div>\n<\/div>\n\n\n\n<div class=\"gb-element-e474c705\">\n<div class=\"gb-element-9beff643\">\n<p>Jeg \u00f8nsker at Tenix skal v\u00e6re et sted hvor det er g\u00f8y \u00e5 jobbe, kundene er forn\u00f8yde og produktene er spennende \u00e5 bygge. Mest av alt mener jeg at teknologi skal l\u00f8se reelle problemer, forbedre prosesser, kommunikasjon og drive en gr\u00f8nnere verden.<\/p>\n\n\n\n<p>N\u00e5r du blir en del av Tenix, blir du en del av et team som finner l\u00f8sninger og ikke problemer, som setter kunden f\u00f8rst, og som handler basert p\u00e5 det vi vet eller kan finne ut, snarere enn p\u00e5 antagelser eller ideer. Vi er fokuserte, vi er smidige og vi gj\u00f8r fantastiske ting for \u00e5 l\u00f8se reelle problemer for transportselskaper i Norden og utover.<\/p>\n\n\n\n<p><em>Med hensyn til,<br><\/em><strong>Torbj\u00f8rn Kr\u00f8vel<\/strong>, administrerende direkt\u00f8r<\/p>\n<\/div>\n\n\n\n<div class=\"gb-element-7370d77a\">\n<img loading=\"lazy\" decoding=\"async\" width=\"1080\" height=\"1080\" class=\"gb-media-272cdf38\" alt=\"Torbj\u00f8rn Kr\u00f8vel, administrerende direkt\u00f8r i Tenix\" src=\"https:\/\/tenix.eu\/wp-content\/uploads\/2025\/09\/Torbjorn-Krovel-CEO.jpg\" title=\"Torbj\u00f8rn Kr\u00f8vel, administrerende direkt\u00f8r\" srcset=\"https:\/\/tenix.eu\/wp-content\/uploads\/2025\/09\/Torbjorn-Krovel-CEO.jpg 1080w, https:\/\/tenix.eu\/wp-content\/uploads\/2025\/09\/Torbjorn-Krovel-CEO-300x300.jpg 300w, https:\/\/tenix.eu\/wp-content\/uploads\/2025\/09\/Torbjorn-Krovel-CEO-1024x1024.jpg 1024w, https:\/\/tenix.eu\/wp-content\/uploads\/2025\/09\/Torbjorn-Krovel-CEO-150x150.jpg 150w, https:\/\/tenix.eu\/wp-content\/uploads\/2025\/09\/Torbjorn-Krovel-CEO-768x768.jpg 768w\" sizes=\"auto, (max-width: 1080px) 100vw, 1080px\" \/>\n<\/div>\n<\/div>\n<\/div>\n<\/div>\n\n\n\n<div class=\"full-width gb-element-378cf236\">\n<div class=\"gb-element-cb4b4af6\">\n<h1 class=\"gb-text gbp-section__headline gb-text-a03fdd72\"><span class=\"ez-toc-section\" id=\"Working_at_Tenix\"><\/span>Jobber hos Tenix<span class=\"ez-toc-section-end\"><\/span><\/h1>\n\n\n\n<p class=\"gb-text gb-text-6163a3f1\">Bli med i et team som l\u00f8ser virkelige problemer, bygger banebrytende produkter og har det g\u00f8y underveis.<\/p>\n<\/div>\n\n\n\n<div class=\"gbp-section__inner gb-element-630f5511\">\n<div class=\"gb-element-d4adc607\">\n<div class=\"gb-element-991d1844\">\n<h2 class=\"gb-text gb-text-7c70d303\"><span class=\"ez-toc-section\" id=\"Customer_Focus_That_Results_in_Real_Impact\"><\/span>Kundefokus som resulterer i reell effekt<span class=\"ez-toc-section-end\"><\/span><\/h2>\n\n\n\n<p class=\"gb-text gbp-section__text gb-text-a20357a5\">Arbeidet v\u00e5rt stopper ikke ved \u00e5 skrive kode eller bygge dashbord. Vi lager l\u00f8sninger som l\u00f8ser reelle driftsutfordringer for transport\u00f8rer som flytter millioner av mennesker og varer hver dag.<\/p>\n\n\n\n<p class=\"gb-text gbp-section__text gb-text-b13bee58\">Ved \u00e5 sette kundene f\u00f8rst og fokusere p\u00e5 \u00e5 l\u00f8se de driftsproblemene som betyr noe, gj\u00f8r vi fl\u00e5ter mer p\u00e5litelige, mer effektive og mer b\u00e6rekraftige.<\/p>\n<\/div>\n\n\n\n<div class=\"gb-element-2efd16c5\">\n<img loading=\"lazy\" decoding=\"async\" width=\"1440\" height=\"1450\" class=\"gbp--border-radius gbp--margin-after gb-media-492e138f\" src=\"https:\/\/tenix.eu\/wp-content\/uploads\/2025\/10\/20220901_130701-scaled-e1759435679363.jpg\" title=\"20220901_130701\" alt=\"Prosjektleder i Tenix deler erfaringer om arbeidet sitt\" srcset=\"https:\/\/tenix.eu\/wp-content\/uploads\/2025\/10\/20220901_130701-scaled-e1759435679363.jpg 1440w, https:\/\/tenix.eu\/wp-content\/uploads\/2025\/10\/20220901_130701-scaled-e1759435679363-298x300.jpg 298w, https:\/\/tenix.eu\/wp-content\/uploads\/2025\/10\/20220901_130701-scaled-e1759435679363-1017x1024.jpg 1017w, https:\/\/tenix.eu\/wp-content\/uploads\/2025\/10\/20220901_130701-scaled-e1759435679363-150x150.jpg 150w, https:\/\/tenix.eu\/wp-content\/uploads\/2025\/10\/20220901_130701-scaled-e1759435679363-768x773.jpg 768w, https:\/\/tenix.eu\/wp-content\/uploads\/2025\/10\/20220901_130701-scaled-e1759435679363-12x12.jpg 12w\" sizes=\"auto, (max-width: 1440px) 100vw, 1440px\" \/>\n\n\n\n<p class=\"gb-text gb-text-7b948c63\">\u00abHos Tenix er vi utrolig kundefokuserte. Og fordi teamet v\u00e5rt er raskt, er prosessen med \u00e5 gj\u00f8re tilbakemeldinger om til programvarefunksjoner som l\u00f8ser reelle problemer rask og givende. Jeg elsker \u00e5 komme tilbake til en kunde med en l\u00f8sning de har bedt om uten \u00e5 m\u00e5tte hoppe over hindringer.\u00bb<\/p>\n\n\n\n<p class=\"gb-text\">\u2013 <strong>\u00d8rjan, <\/strong>Prosjektleder<\/p>\n<\/div>\n<\/div>\n<\/div>\n\n\n\n<div class=\"gbp-section__inner gb-element-e9f11513\">\n<div class=\"gb-element-73800ef3\">\n<div class=\"gb-element-de4b080e\">\n<img loading=\"lazy\" decoding=\"async\" width=\"1200\" height=\"1600\" class=\"gbp--border-radius gbp--margin-after gb-media-44268310\" src=\"https:\/\/tenix.eu\/wp-content\/uploads\/2025\/10\/leona-leslie-marketing-at-tenix.jpg\" title=\"Leona Leslie, markedsdirekt\u00f8r i Tenix\" alt=\"Leona Leslie, markedsdirekt\u00f8r i Tenix\" srcset=\"https:\/\/tenix.eu\/wp-content\/uploads\/2025\/10\/leona-leslie-marketing-at-tenix.jpg 1200w, https:\/\/tenix.eu\/wp-content\/uploads\/2025\/10\/leona-leslie-marketing-at-tenix-225x300.jpg 225w, https:\/\/tenix.eu\/wp-content\/uploads\/2025\/10\/leona-leslie-marketing-at-tenix-768x1024.jpg 768w, https:\/\/tenix.eu\/wp-content\/uploads\/2025\/10\/leona-leslie-marketing-at-tenix-1152x1536.jpg 1152w, https:\/\/tenix.eu\/wp-content\/uploads\/2025\/10\/leona-leslie-marketing-at-tenix-9x12.jpg 9w\" sizes=\"auto, (max-width: 1200px) 100vw, 1200px\" \/>\n\n\n\n<p class=\"gb-text gb-text-fef21228\">\u00abHos Tenix har man tillit fra dag \u00e9n. Du f\u00e5r friheten til \u00e5 forme ditt eget arbeid og den st\u00f8tten du trenger for \u00e5 lykkes.\u00bb<\/p>\n\n\n\n<p class=\"gb-text\">\u2013 <strong><a href=\"https:\/\/tenix.eu\/no\/forfatter\/leona-leslie\/\">Leona<\/a><\/strong>, Markedsf\u00f8ringsdirekt\u00f8r<\/p>\n<\/div>\n\n\n\n<div class=\"gb-element-2fe934f4\">\n<h2 class=\"gb-text gb-text-882ad4e7\"><span class=\"ez-toc-section\" id=\"A_Culture_of_Trust_Empowerment\"><\/span>En kultur preget av tillit og myndiggj\u00f8ring<span class=\"ez-toc-section-end\"><\/span><\/h2>\n\n\n\n<p class=\"gb-text gbp-section__text gb-text-e5e6ab03\">Hos Tenix tror vi at folk gj\u00f8r sitt beste arbeid n\u00e5r de f\u00e5r tillit til \u00e5 ta eierskap. Derfor ansetter vi talentfulle mennesker og gir dem friheten til \u00e5 ta avgj\u00f8relser.<\/p>\n\n\n\n<p class=\"gb-text gbp-section__text gb-text-2c307397\">Det er en kultur bygget p\u00e5 ansvar, samarbeid og tillit til at alle her bidrar til \u00e5 n\u00e5 m\u00e5lene v\u00e5re.<\/p>\n<\/div>\n<\/div>\n<\/div>\n\n\n\n<div class=\"gbp-section__inner gb-element-aef39633\">\n<div class=\"gb-element-e11d0938\">\n<div class=\"gb-element-9b93ba69\">\n<h2 class=\"gb-text gb-text-36cebeba\"><span class=\"ez-toc-section\" id=\"Innovation_That_Scales_with_Every_Line_of_Code\"><\/span>Innovasjon som skaleres med hver kodelinje<span class=\"ez-toc-section-end\"><\/span><\/h2>\n\n\n\n<p class=\"gb-text gbp-section__text gb-text-8adb0264\">Hos Tenix jobber utviklere med teknologi som s\u00f8rger for at fl\u00e5tene beveger seg mer b\u00e6rekraftig, effektivt og kostnadseffektivt. Problemene vi l\u00f8ser er komplekse, men resultatene er konkrete og bidrar til \u00e5 skape en mer b\u00e6rekraftig fremtid for transport.<\/p>\n<\/div>\n\n\n\n<div class=\"gb-element-d07f598b\">\n<img loading=\"lazy\" decoding=\"async\" width=\"1920\" height=\"2560\" class=\"gbp--border-radius gbp--margin-after gb-media-2f8d6fc5\" src=\"https:\/\/tenix.eu\/wp-content\/uploads\/2025\/10\/software-developer-at-tenix-scaled.jpg\" alt=\"Programvareutvikler hos Tenix\" srcset=\"https:\/\/tenix.eu\/wp-content\/uploads\/2025\/10\/software-developer-at-tenix-scaled.jpg 1920w, https:\/\/tenix.eu\/wp-content\/uploads\/2025\/10\/software-developer-at-tenix-225x300.jpg 225w, https:\/\/tenix.eu\/wp-content\/uploads\/2025\/10\/software-developer-at-tenix-768x1024.jpg 768w, https:\/\/tenix.eu\/wp-content\/uploads\/2025\/10\/software-developer-at-tenix-1152x1536.jpg 1152w, https:\/\/tenix.eu\/wp-content\/uploads\/2025\/10\/software-developer-at-tenix-1536x2048.jpg 1536w, https:\/\/tenix.eu\/wp-content\/uploads\/2025\/10\/software-developer-at-tenix-9x12.jpg 9w\" sizes=\"auto, (max-width: 1920px) 100vw, 1920px\" \/>\n\n\n\n<p class=\"gb-text gb-text-ab438ffa\">\u00abI Tenix bygger vi programvare som har et reelt form\u00e5l. Vi takler utfordrende tekniske problemer, men vi l\u00f8ser dem som et team og ser resultatene i hvordan systemene v\u00e5re yter i reelle operasjoner. Det er veldig g\u00f8y.\u00bb<\/p>\n\n\n\n<p class=\"gb-text\">\u2013 <strong>David, <\/strong>Programvareutvikler<\/p>\n<\/div>\n<\/div>\n<\/div>\n\n\n\n<div class=\"gb-element-44e38bc3\" id=\"roles\">\n<h1 class=\"gb-text gbp-section__headline gb-text-1f67044d\"><span class=\"ez-toc-section\" id=\"Join_Us\"><\/span>Bli med oss<span class=\"ez-toc-section-end\"><\/span><\/h1>\n\n\n\n<p class=\"gb-text gb-text-ccd91f1c\">Er du interessert i \u00e5 bli en del av v\u00e5rt raskt voksende selskap? Hvis du ikke finner den rette stillingen her, send oss en \u00e5pen s\u00f8knad. Vi \u00f8nsker alltid \u00e5 h\u00f8re fra talentfulle mennesker.<\/p>\n<\/div>\n\n\n\n<div class=\"gb-element-6c8b6e3b\">\n<a class=\"gb-element-cf075080\" href=\"mailto:careers@tenix.eu?subject=Re%3A%20Open%20Application%20at%20Tenix&#038;body=Hi%20Tenix%20Hiring%20Team%2C%0A%0AI%27d%20like%20to%20submit%20an%20open%20application%20to%20join%20Tenix.%20I%27m%20a%20%5Byour%20role%2Fspecialty%5D%20with%20%5Byears%5D%20of%20experience%20in%20%5Brelevant%20areas%5D.%0A%0ALinks%3A%0ACV%3A%20%5BURL%5D%0ALinkedIn%2FPortfolio%3A%20%5BURL%5D%0A%0AI%27m%20based%20in%20%5Blocation%5D%20and%20available%20from%20%5Bdate%5D.%0A%0AThank%20you%20for%20your%20time.%0A%0ABest%20regards%2C%0A%5BYour%20Name%5D%0A%5BPhone%5D\" target=\"_blank\" rel=\"noopener nofollow\">\n<p class=\"gbp-section__tagline gb-text-b77c619c\"><span class=\"gb-shape\"><svg aria-hidden=\"true\" role=\"img\" height=\"1em\" width=\"1em\" viewbox=\"0 0 512 512\" xmlns=\"http:\/\/www.w3.org\/2000\/svg\"><path fill=\"currentColor\" d=\"M256 8C119 8 8 119 8 256s111 248 248 248 248-111 248-248S393 8 256 8z\"><\/path><\/svg><\/span><span class=\"gb-text\">Send inn CV-en din<\/span><\/p>\n\n\n\n<h3 class=\"gb-text gb-text-1198c9ca\"><span class=\"ez-toc-section\" id=\"Open_Application\"><\/span>\u00c5pne s\u00f8knad<span class=\"ez-toc-section-end\"><\/span><\/h3>\n\n\n\n<p class=\"gb-text gb-text-fb15b02d\">Bli med i teamet v\u00e5rt i en hvilken som helst ledig stilling! Bare del dine ambisjoner, ferdigheter og hvorfor du velger Saga Tenix.<\/p>\n<\/a>\n\n\n\n<a class=\"gb-element-cb05d130\" href=\"https:\/\/www.ascender.no\/stillinger\/commercial-product-director-tenix\" target=\"_blank\" rel=\"noopener nofollow\">\n<p class=\"gbp-section__tagline gb-text-33474c39\"><span class=\"gb-shape\"><svg aria-hidden=\"true\" role=\"img\" height=\"1em\" width=\"1em\" viewbox=\"0 0 512 512\" xmlns=\"http:\/\/www.w3.org\/2000\/svg\"><path fill=\"currentColor\" d=\"M256 8C119 8 8 119 8 256s111 248 248 248 248-111 248-248S393 8 256 8z\"><\/path><\/svg><\/span><span class=\"gb-text\">Produktsalgsprofesjonell<\/span><\/p>\n\n\n\n<h3 class=\"gb-text gb-text-aba3162d\"><span class=\"ez-toc-section\" id=\"Commercial_Product_Director\"><\/span>Kommersiell produktsjef<span class=\"ez-toc-section-end\"><\/span><\/h3>\n\n\n\n<p class=\"gb-text gb-text-ab9fb286\">Vi ekspanderer i Europa og s\u00f8ker en Commercial Product Director som skal bygge bro mellom salg, produkt og teknologi \u2013 lede komplekse anbud, forme produktstrategien og levere konkurransedyktige elbil-ladel\u00f8sninger i B2B-markedet.<\/p>\n<\/a>\n<\/div>\n<\/div>\n\n\n\n<p><\/p>","protected":false},"excerpt":{"rendered":"<p>Karriere Vi bygger banebrytende teknologi for en gr\u00f8nnere fremtid Vi former fremtidens transport. Se ledige stillinger Hilsen fra administrerende direkt\u00f8r Jeg \u00f8nsker at Tenix skal v\u00e6re et sted der det er g\u00f8y \u00e5 jobbe, kundene er forn\u00f8yde og det er spennende \u00e5 bygge produkter. Mest av alt mener jeg at teknologi b\u00f8r l\u00f8se reelle problemer og forbedre prosesser, kommunikasjon og ... <a title=\"Karriere hos Tenix\" class=\"read-more\" href=\"https:\/\/tenix.eu\/no\/careers\/\" aria-label=\"Les mer om karrierer hos Tenix\">Les mer<\/a><\/p>","protected":false},"author":18,"featured_media":0,"parent":0,"menu_order":0,"comment_status":"closed","ping_status":"closed","template":"","meta":{"_acf_changed":false,"content-type":"","footnotes":""},"class_list":["post-47431","page","type-page","status-publish"],"acf":[],"_links":{"self":[{"href":"https:\/\/tenix.eu\/no\/wp-json\/wp\/v2\/pages\/47431","targetHints":{"allow":["GET"]}}],"collection":[{"href":"https:\/\/tenix.eu\/no\/wp-json\/wp\/v2\/pages"}],"about":[{"href":"https:\/\/tenix.eu\/no\/wp-json\/wp\/v2\/types\/page"}],"author":[{"embeddable":true,"href":"https:\/\/tenix.eu\/no\/wp-json\/wp\/v2\/users\/18"}],"replies":[{"embeddable":true,"href":"https:\/\/tenix.eu\/no\/wp-json\/wp\/v2\/comments?post=47431"}],"version-history":[{"count":60,"href":"https:\/\/tenix.eu\/no\/wp-json\/wp\/v2\/pages\/47431\/revisions"}],"predecessor-version":[{"id":51585,"href":"https:\/\/tenix.eu\/no\/wp-json\/wp\/v2\/pages\/47431\/revisions\/51585"}],"wp:attachment":[{"href":"https:\/\/tenix.eu\/no\/wp-json\/wp\/v2\/media?parent=47431"}],"curies":[{"name":"wp","href":"https:\/\/api.w.org\/{rel}","templated":true}]}}