{"id":47745,"date":"2025-09-24T14:24:54","date_gmt":"2025-09-24T14:24:54","guid":{"rendered":"https:\/\/tenix.eu\/?page_id=47745"},"modified":"2026-03-02T09:49:05","modified_gmt":"2026-03-02T09:49:05","slug":"intestorer","status":"publish","type":"page","link":"https:\/\/tenix.eu\/no\/investors\/","title":{"rendered":"Investorer"},"content":{"rendered":"<div class=\"gbp-section gb-element-40cb8ce9\">\n<div class=\"gbp-section__inner gb-element-d61c6218\">\n<div>\n<p class=\"gb-text gb-text-b1a8283d\"><strong>Investorer<\/strong><\/p>\n\n\n\n<h1 class=\"gb-text gbp-section__headline gb-text-0c293986\"><span class=\"ez-toc-section\" id=\"Supported_by_investors_who_share_our_vision_for_a_greener_smarter_transport_future\"><\/span>St\u00f8ttet av investorer som deler v\u00e5r visjon for en gr\u00f8nnere og smartere transportfremtid.<span class=\"ez-toc-section-end\"><\/span><\/h1>\n<\/div>\n<\/div>\n<\/div>\n\n\n\n<div class=\"gbp-section gb-element-b32ac286\">\n<h2 class=\"gb-text gb-text-6e500a8b\"><span class=\"ez-toc-section\" id=\"Tenix_Investors\"><\/span>Tenix Investors<span class=\"ez-toc-section-end\"><\/span><\/h2>\n\n\n\n<div class=\"gbp-section__inner gb-element-4b337750\">\n<a class=\"tenix-contianers gb-element-f1e5afc5\" href=\"https:\/\/idekapital.com\/\" target=\"_blank\" rel=\"noopener\">\n<div>\n<img loading=\"lazy\" decoding=\"async\" width=\"755\" height=\"129\" class=\"gb-media-22e8f664\" alt=\"\" src=\"https:\/\/tenix.eu\/wp-content\/uploads\/2025\/09\/idekapital-logo.svg\"\/>\n\n\n\n<p class=\"gb-text gb-text-6e61e1d5\">Id\u00e9kapital er et norsk venturekapitalfirma som st\u00f8tter skalerbare teknologiselskaper i Norden. Med dyp ekspertise innen SaaS og industriell digitalisering samarbeider Id\u00e9kapital med gr\u00fcndere for \u00e5 bygge varige verdier og kategoridefinerende l\u00f8sninger.<\/p>\n<\/div>\n\n\n\n<div>\n<button class=\"gbp-button--secondary gb-text-22e5a7c3\"><span class=\"gb-shape\"><svg xmlns=\"http:\/\/www.w3.org\/2000\/svg\" width=\"32\" height=\"32\" fill=\"#000000\" viewbox=\"0 0 256 256\"><path d=\"M200,64V168a8,8,0,0,1-16,0V83.31L69.66,197.66a8,8,0,0,1-11.32-11.32L172.69,72H88a8,8,0,0,1,0-16H192A8,8,0,0,1,200,64Z\"><\/path><\/svg><\/span><span class=\"gb-text\">Bes\u00f8k Id\u00e9kapital <\/span><\/button>\n<\/div>\n<\/a>\n\n\n\n<a class=\"tenix-contianers gb-element-94e2ce41\" href=\"https:\/\/www.newday.no\/\" target=\"_blank\" rel=\"noopener\">\n<div>\n<img loading=\"lazy\" decoding=\"async\" width=\"500\" height=\"267\" class=\"gb-media-3ab86968\" alt=\"\" src=\"https:\/\/tenix.eu\/wp-content\/uploads\/2025\/10\/NEWDAY_green.png\" srcset=\"https:\/\/tenix.eu\/wp-content\/uploads\/2025\/10\/NEWDAY_green.png 500w, https:\/\/tenix.eu\/wp-content\/uploads\/2025\/10\/NEWDAY_green-300x160.png 300w, https:\/\/tenix.eu\/wp-content\/uploads\/2025\/10\/NEWDAY_green-18x10.png 18w\" sizes=\"auto, (max-width: 500px) 100vw, 500px\" \/>\n\n\n\n<p class=\"gb-text gb-text-d35ac604\">Newday er et b\u00e6rekraftsfokusert investeringsselskap som st\u00f8tter innovative virksomheter som akselererer den globale overgangen til en lavkarbon\u00f8konomi. Med et sterkt engasjement for milj\u00f8messig og sosial p\u00e5virkning investerer Newday i l\u00f8sninger som driver m\u00e5lbar fremgang mot gr\u00f8nnere infrastruktur og smartere energisystemer.<\/p>\n\n\n\n<button class=\"gbp-button--secondary gb-text-2180f8de\"><span class=\"gb-shape\"><svg xmlns=\"http:\/\/www.w3.org\/2000\/svg\" width=\"32\" height=\"32\" fill=\"#000000\" viewbox=\"0 0 256 256\"><path d=\"M200,64V168a8,8,0,0,1-16,0V83.31L69.66,197.66a8,8,0,0,1-11.32-11.32L172.69,72H88a8,8,0,0,1,0-16H192A8,8,0,0,1,200,64Z\"><\/path><\/svg><\/span><span class=\"gb-text\">Bes\u00f8k Newday<\/span><\/button>\n<\/div>\n<\/a>\n\n\n\n<a class=\"tenix-contianers gb-element-cd86714d\" href=\"https:\/\/skagerakcapital.com\" target=\"_blank\" rel=\"noopener\">\n<div>\n<figure class=\"wp-block-image size-full is-resized\"><img loading=\"lazy\" decoding=\"async\" width=\"631\" height=\"230\" src=\"https:\/\/tenix.eu\/wp-content\/uploads\/2026\/03\/blue_SC_logo_2-lines.png\" alt=\"\" class=\"wp-image-51553\" style=\"aspect-ratio:2.743593875906527;width:211px;height:auto\" srcset=\"https:\/\/tenix.eu\/wp-content\/uploads\/2026\/03\/blue_SC_logo_2-lines.png 631w, https:\/\/tenix.eu\/wp-content\/uploads\/2026\/03\/blue_SC_logo_2-lines-300x109.png 300w, https:\/\/tenix.eu\/wp-content\/uploads\/2026\/03\/blue_SC_logo_2-lines-18x7.png 18w\" sizes=\"auto, (max-width: 631px) 100vw, 631px\" \/><\/figure>\n\n\n\n<p class=\"gb-text gb-text-6ae2983f\">Skagerak Capital er et norsk private equity-selskap som investerer i sm\u00e5 og mellomstore selskaper med stort vekstpotensial. Med en langsiktig, aktiv eierskapsstrategi samarbeider Skagerak med ledergrupper for \u00e5 drive frem driftsforbedringer, strategisk ekspansjon og b\u00e6rekraftig verdiskaping.<\/p>\n<\/div>\n\n\n\n<div>\n<button class=\"gbp-button--secondary gb-text-8710ab17\"><span class=\"gb-shape\"><svg xmlns=\"http:\/\/www.w3.org\/2000\/svg\" width=\"32\" height=\"32\" fill=\"#000000\" viewbox=\"0 0 256 256\"><path d=\"M200,64V168a8,8,0,0,1-16,0V83.31L69.66,197.66a8,8,0,0,1-11.32-11.32L172.69,72H88a8,8,0,0,1,0-16H192A8,8,0,0,1,200,64Z\"><\/path><\/svg><\/span><span class=\"gb-text\">Bes\u00f8k Skagerak<\/span><\/button>\n<\/div>\n<\/a>\n<\/div>\n<\/div>\n\n\n\n<div class=\"gbp-section gb-element-5b9781dd\">\n<div class=\"gbp-section__inner gb-element-152587ac\">\n<h2 class=\"gb-text gbp-section__headline gb-text-fe552fe9\"><span class=\"ez-toc-section\" id=\"A_Proven_Platform_in_a_Growing_Market\"><\/span><strong>En velpr\u00f8vd plattform i et voksende marked<\/strong><span class=\"ez-toc-section-end\"><\/span><\/h2>\n\n\n\n<p class=\"gb-text gbp-section__text gb-text-1891c329\">Fra v\u00e5re tidlige dager i 2008 til dagens elektriske fremtid har Tenix bygget programvare som holder busser i bevegelse, elbiler ladet og operat\u00f8rer i full kontroll.<\/p>\n<\/div>\n\n\n\n<div class=\"gbp-section__inner gb-element-9c7222dc\">\n<div class=\"gb-element-3be30d2c\">\n<div class=\"number-static counter-text--2\">1 av 3<\/div>\n\n\n\n<p class=\"gb-text gb-text-3043e981\">Busser<\/p>\n\n\n\n<p>benytter Tenix i Norge<\/p>\n<\/div>\n\n\n\n<div class=\"gb-element-6a518342\">\n<div class=\"number-counter counter-text--2\" data-target=\"6000\" data-suffix=\"+\">0<\/div>\n\n\n\n<p class=\"gb-text gb-text-8708864d\">Kj\u00f8ret\u00f8y<\/p>\n\n\n\n<p>bruker Tenix hver dag<\/p>\n<\/div>\n\n\n\n<div class=\"gb-element-f2918108\">\n<div class=\"number-counter counter-text--2\" data-target=\"17\" data-suffix=\"+\">0<\/div>\n\n\n\n<p class=\"gb-text gb-text-108f6ffe\">\u00c5rs erfaring<\/p>\n\n\n\n<p>bygge programvare for transport\u00f8rer<\/p>\n<\/div>\n<\/div>\n<\/div>\n\n\n\n<div class=\"gbp-section gb-element-41809212\">\n<div class=\"gbp--margin-after gb-element-65edf3a4\">\n<p class=\"gb-text gbp-section__tagline gb-text-f39d4da3\">Utforsk<\/p>\n\n\n\n<h2 class=\"gb-text gb-text-08ee96ac\"><span class=\"ez-toc-section\" id=\"Latest_News_Updates_from_Tenix\"><\/span>Siste nytt og oppdateringer fra Tenix<span class=\"ez-toc-section-end\"><\/span><\/h2>\n<\/div>\n\n\n\n<div class=\"gbp-section__inner gb-element-7a248ad1\">\n<div class=\"gb-query-dc443639\"><div class=\"gb-looper-85d1662b\">\n<a class=\"gb-loop-item gb-loop-item-47c9e1d9 post-8111 post type-post status-publish format-standard has-post-thumbnail hentry category-company-updates\" href=\"https:\/\/tenix.eu\/no\/company-updates\/tenix-joins-the-green-land-transport-programme-glt-in-norway\/\">\n<img loading=\"lazy\" decoding=\"async\" width=\"300\" height=\"300\" alt=\"glp-logo\" data-media-id=\"8116\" class=\"gb-media-0ac20d71\" src=\"https:\/\/tenix.eu\/wp-content\/uploads\/2025\/02\/GLPlogo_2.webp\" srcset=\"https:\/\/tenix.eu\/wp-content\/uploads\/2025\/02\/GLPlogo_2.webp 300w, https:\/\/tenix.eu\/wp-content\/uploads\/2025\/02\/GLPlogo_2-150x150.webp 150w\" sizes=\"auto, (max-width: 300px) 100vw, 300px\" \/>\n\n\n\n<div class=\"gb-element-912c5293\">\n<p class=\"gb-text gbp-card__meta-text gb-text-15cf1ba9\"><span>Selskapsoppdateringer<\/span><\/p>\n\n\n\n<h2 class=\"gb-text gbp-card__title gb-text-89a8ee52\"><span class=\"ez-toc-section\" id=\"Tenix_joins_the_Green_Land_Transport_Programme_GLT_in_Norway\"><\/span>Tenix blir med i Green Land Transport Programme (GLT) i Norge<span class=\"ez-toc-section-end\"><\/span><\/h2>\n<\/div>\n<\/a>\n\n<a class=\"gb-loop-item gb-loop-item-47c9e1d9 post-8088 post type-post status-publish format-standard has-post-thumbnail hentry category-company-updates\" href=\"https:\/\/tenix.eu\/no\/company-updates\/the-road-to-successful-fleet-electrification\/\">\n<img loading=\"lazy\" decoding=\"async\" width=\"768\" height=\"576\" alt=\"to gr\u00f8nne busser fra Kolumbus p\u00e5 ladestasjon - Tenix Fleet management\" data-media-id=\"8960\" class=\"gb-media-0ac20d71\" src=\"https:\/\/tenix.eu\/wp-content\/uploads\/2025\/02\/ZuAECxoQrfVKl5R2_TenixCharge3-768x576.webp\" srcset=\"https:\/\/tenix.eu\/wp-content\/uploads\/2025\/02\/ZuAECxoQrfVKl5R2_TenixCharge3-768x576.webp 768w, https:\/\/tenix.eu\/wp-content\/uploads\/2025\/02\/ZuAECxoQrfVKl5R2_TenixCharge3-300x225.webp 300w, https:\/\/tenix.eu\/wp-content\/uploads\/2025\/02\/ZuAECxoQrfVKl5R2_TenixCharge3-1024x768.webp 1024w, https:\/\/tenix.eu\/wp-content\/uploads\/2025\/02\/ZuAECxoQrfVKl5R2_TenixCharge3-1536x1152.webp 1536w, https:\/\/tenix.eu\/wp-content\/uploads\/2025\/02\/ZuAECxoQrfVKl5R2_TenixCharge3-2048x1536.webp 2048w\" sizes=\"auto, (max-width: 768px) 100vw, 768px\" \/>\n\n\n\n<div class=\"gb-element-912c5293\">\n<p class=\"gb-text gbp-card__meta-text gb-text-15cf1ba9\"><span>Selskapsoppdateringer<\/span><\/p>\n\n\n\n<h2 class=\"gb-text gbp-card__title gb-text-89a8ee52\"><span class=\"ez-toc-section\" id=\"The_Road_to_Successful_Fleet_Electrification\"><\/span>Veien til vellykket elektrifisering av fl\u00e5ten<span class=\"ez-toc-section-end\"><\/span><\/h2>\n<\/div>\n<\/a>\n\n<a class=\"gb-loop-item gb-loop-item-47c9e1d9 post-46688 post type-post status-publish format-standard has-post-thumbnail hentry category-company-updates\" href=\"https:\/\/tenix.eu\/no\/company-updates\/remp-as-signs-agreement-with-tenix\/\">\n<img loading=\"lazy\" decoding=\"async\" width=\"768\" height=\"403\" alt=\"REMP AS Fl\u00e5teeffektivitet\" data-media-id=\"46697\" class=\"gb-media-0ac20d71\" src=\"https:\/\/tenix.eu\/wp-content\/uploads\/2025\/09\/REMP-AS-Fleet-Efficiency-768x403.webp\" srcset=\"https:\/\/tenix.eu\/wp-content\/uploads\/2025\/09\/REMP-AS-Fleet-Efficiency-768x403.webp 768w, https:\/\/tenix.eu\/wp-content\/uploads\/2025\/09\/REMP-AS-Fleet-Efficiency-300x158.webp 300w, https:\/\/tenix.eu\/wp-content\/uploads\/2025\/09\/REMP-AS-Fleet-Efficiency-1024x538.webp 1024w, https:\/\/tenix.eu\/wp-content\/uploads\/2025\/09\/REMP-AS-Fleet-Efficiency.webp 1200w\" sizes=\"auto, (max-width: 768px) 100vw, 768px\" \/>\n\n\n\n<div class=\"gb-element-912c5293\">\n<p class=\"gb-text gbp-card__meta-text gb-text-15cf1ba9\"><span>Selskapsoppdateringer<\/span><\/p>\n\n\n\n<h2 class=\"gb-text gbp-card__title gb-text-89a8ee52\"><span class=\"ez-toc-section\" id=\"Tenix_Signs_Agreement_with_REMP_to_Enhance_Fleet_Efficiency\"><\/span>Tenix inng\u00e5r avtale med REMP for \u00e5 forbedre fl\u00e5teeffektiviteten<span class=\"ez-toc-section-end\"><\/span><\/h2>\n<\/div>\n<\/a>\n<\/div>\n\n<div class=\"gb-looper-b05a9729\">\n<a class=\"gb-loop-item gb-loop-item-73717479 post-8111 post type-post status-publish format-standard has-post-thumbnail hentry category-company-updates\" href=\"https:\/\/tenix.eu\/no\/company-updates\/tenix-joins-the-green-land-transport-programme-glt-in-norway\/\">\n<img loading=\"lazy\" decoding=\"async\" width=\"300\" height=\"300\" alt=\"glp-logo\" data-media-id=\"8116\" class=\"gb-media-644067aa\" src=\"https:\/\/tenix.eu\/wp-content\/uploads\/2025\/02\/GLPlogo_2.webp\" srcset=\"https:\/\/tenix.eu\/wp-content\/uploads\/2025\/02\/GLPlogo_2.webp 300w, https:\/\/tenix.eu\/wp-content\/uploads\/2025\/02\/GLPlogo_2-150x150.webp 150w\" sizes=\"auto, (max-width: 300px) 100vw, 300px\" \/>\n\n\n\n<div class=\"gb-element-68a8fbd1\">\n<p class=\"gb-text gbp-card__meta-text gb-text-07229ccd\"><span>Selskapsoppdateringer<\/span><\/p>\n\n\n\n<h2 class=\"gb-text gbp-card__title gb-text-a1cbbb5b\"><span class=\"ez-toc-section\" id=\"Tenix_joins_the_Green_Land_Transport_Programme_GLT_in_Norway-2\"><\/span>Tenix blir med i Green Land Transport Programme (GLT) i Norge<span class=\"ez-toc-section-end\"><\/span><\/h2>\n<\/div>\n<\/a>\n\n<a class=\"gb-loop-item gb-loop-item-73717479 post-8088 post type-post status-publish format-standard has-post-thumbnail hentry category-company-updates\" href=\"https:\/\/tenix.eu\/no\/company-updates\/the-road-to-successful-fleet-electrification\/\">\n<img loading=\"lazy\" decoding=\"async\" width=\"768\" height=\"576\" alt=\"to gr\u00f8nne busser fra Kolumbus p\u00e5 ladestasjon - Tenix Fleet management\" data-media-id=\"8960\" class=\"gb-media-644067aa\" src=\"https:\/\/tenix.eu\/wp-content\/uploads\/2025\/02\/ZuAECxoQrfVKl5R2_TenixCharge3-768x576.webp\" srcset=\"https:\/\/tenix.eu\/wp-content\/uploads\/2025\/02\/ZuAECxoQrfVKl5R2_TenixCharge3-768x576.webp 768w, https:\/\/tenix.eu\/wp-content\/uploads\/2025\/02\/ZuAECxoQrfVKl5R2_TenixCharge3-300x225.webp 300w, https:\/\/tenix.eu\/wp-content\/uploads\/2025\/02\/ZuAECxoQrfVKl5R2_TenixCharge3-1024x768.webp 1024w, https:\/\/tenix.eu\/wp-content\/uploads\/2025\/02\/ZuAECxoQrfVKl5R2_TenixCharge3-1536x1152.webp 1536w, https:\/\/tenix.eu\/wp-content\/uploads\/2025\/02\/ZuAECxoQrfVKl5R2_TenixCharge3-2048x1536.webp 2048w\" sizes=\"auto, (max-width: 768px) 100vw, 768px\" \/>\n\n\n\n<div class=\"gb-element-68a8fbd1\">\n<p class=\"gb-text gbp-card__meta-text gb-text-07229ccd\"><span>Selskapsoppdateringer<\/span><\/p>\n\n\n\n<h2 class=\"gb-text gbp-card__title gb-text-a1cbbb5b\"><span class=\"ez-toc-section\" id=\"The_Road_to_Successful_Fleet_Electrification-2\"><\/span>Veien til vellykket elektrifisering av fl\u00e5ten<span class=\"ez-toc-section-end\"><\/span><\/h2>\n<\/div>\n<\/a>\n\n<a class=\"gb-loop-item gb-loop-item-73717479 post-46688 post type-post status-publish format-standard has-post-thumbnail hentry category-company-updates\" href=\"https:\/\/tenix.eu\/no\/company-updates\/remp-as-signs-agreement-with-tenix\/\">\n<img loading=\"lazy\" decoding=\"async\" width=\"768\" height=\"403\" alt=\"REMP AS Fl\u00e5teeffektivitet\" data-media-id=\"46697\" class=\"gb-media-644067aa\" src=\"https:\/\/tenix.eu\/wp-content\/uploads\/2025\/09\/REMP-AS-Fleet-Efficiency-768x403.webp\" srcset=\"https:\/\/tenix.eu\/wp-content\/uploads\/2025\/09\/REMP-AS-Fleet-Efficiency-768x403.webp 768w, https:\/\/tenix.eu\/wp-content\/uploads\/2025\/09\/REMP-AS-Fleet-Efficiency-300x158.webp 300w, https:\/\/tenix.eu\/wp-content\/uploads\/2025\/09\/REMP-AS-Fleet-Efficiency-1024x538.webp 1024w, https:\/\/tenix.eu\/wp-content\/uploads\/2025\/09\/REMP-AS-Fleet-Efficiency.webp 1200w\" sizes=\"auto, (max-width: 768px) 100vw, 768px\" \/>\n\n\n\n<div class=\"gb-element-68a8fbd1\">\n<p class=\"gb-text gbp-card__meta-text gb-text-07229ccd\"><span>Selskapsoppdateringer<\/span><\/p>\n\n\n\n<h2 class=\"gb-text gbp-card__title gb-text-a1cbbb5b\"><span class=\"ez-toc-section\" id=\"Tenix_Signs_Agreement_with_REMP_to_Enhance_Fleet_Efficiency-2\"><\/span>Tenix inng\u00e5r avtale med REMP for \u00e5 forbedre fl\u00e5teeffektiviteten<span class=\"ez-toc-section-end\"><\/span><\/h2>\n<\/div>\n<\/a>\n<\/div><\/div>\n\n\n\n<div class=\"gb-query-62386cd2\"><div class=\"gb-looper-e86f518f\">\n<a class=\"gb-loop-item gb-loop-item-0d32b99b post-51697 post type-post status-publish format-standard has-post-thumbnail hentry category-videos category-webinars tag-charge-management tag-industry-insights\" href=\"https:\/\/tenix.eu\/no\/videos\/battery-health-in-electric-bus-operations\/\">\n<img loading=\"lazy\" decoding=\"async\" width=\"768\" height=\"432\" alt=\"Webinar om batterihelse i elektriske busser med Tenix og PowerUp som diskuterer ladningens innvirkning p\u00e5 ytelse, nedbrytning og sikkerhet\" data-media-id=\"51698\" class=\"gb-media-3a10c4c0\" src=\"https:\/\/tenix.eu\/wp-content\/uploads\/2026\/03\/Charging_for_Longevity-768x432.png\" srcset=\"https:\/\/tenix.eu\/wp-content\/uploads\/2026\/03\/Charging_for_Longevity-768x432.png 768w, https:\/\/tenix.eu\/wp-content\/uploads\/2026\/03\/Charging_for_Longevity-300x169.png 300w, https:\/\/tenix.eu\/wp-content\/uploads\/2026\/03\/Charging_for_Longevity-1024x576.png 1024w, https:\/\/tenix.eu\/wp-content\/uploads\/2026\/03\/Charging_for_Longevity-18x10.png 18w, https:\/\/tenix.eu\/wp-content\/uploads\/2026\/03\/Charging_for_Longevity.png 1280w\" sizes=\"auto, (max-width: 768px) 100vw, 768px\" \/>\n\n\n\n<div class=\"gb-element-72c604d0\">\n<p class=\"gb-text gbp-card__meta-text gb-text-2fece7aa\"><span>Videoer<\/span>,<span>Webinarer<\/span><\/p>\n\n\n\n<h2 class=\"gb-text gbp-card__title gb-text-b2ab4698\"><span class=\"ez-toc-section\" id=\"Charging_for_Longevity_Battery_Health_in_Electric_Bus_Operations\"><\/span>Lading for lang levetid og batterihelse i elbussdrift<span class=\"ez-toc-section-end\"><\/span><\/h2>\n<\/div>\n<\/a>\n\n<a class=\"gb-loop-item gb-loop-item-0d32b99b post-51612 post type-post status-publish format-standard has-post-thumbnail hentry category-videos tag-charge-management tag-product-technology\" href=\"https:\/\/tenix.eu\/no\/videos\/explainer-dynamic-charging-to-cut-costs\/\">\n<img loading=\"lazy\" decoding=\"async\" width=\"768\" height=\"432\" alt=\"Tenix&amp;apos;s Holly forklarer dynamisk lading\" data-media-id=\"51613\" class=\"gb-media-3a10c4c0\" src=\"https:\/\/tenix.eu\/wp-content\/uploads\/2026\/03\/Dynamic_Charging_Explainer_Thumbnail-1-768x432.png\" srcset=\"https:\/\/tenix.eu\/wp-content\/uploads\/2026\/03\/Dynamic_Charging_Explainer_Thumbnail-1-768x432.png 768w, https:\/\/tenix.eu\/wp-content\/uploads\/2026\/03\/Dynamic_Charging_Explainer_Thumbnail-1-300x169.png 300w, https:\/\/tenix.eu\/wp-content\/uploads\/2026\/03\/Dynamic_Charging_Explainer_Thumbnail-1-1024x576.png 1024w, https:\/\/tenix.eu\/wp-content\/uploads\/2026\/03\/Dynamic_Charging_Explainer_Thumbnail-1-18x10.png 18w, https:\/\/tenix.eu\/wp-content\/uploads\/2026\/03\/Dynamic_Charging_Explainer_Thumbnail-1.png 1280w\" sizes=\"auto, (max-width: 768px) 100vw, 768px\" \/>\n\n\n\n<div class=\"gb-element-72c604d0\">\n<p class=\"gb-text gbp-card__meta-text gb-text-2fece7aa\"><span>Videoer<\/span><\/p>\n\n\n\n<h2 class=\"gb-text gbp-card__title gb-text-b2ab4698\"><span class=\"ez-toc-section\" id=\"Explainer_Dynamic_Charging\"><\/span>Forklarer: Dynamisk lading<span class=\"ez-toc-section-end\"><\/span><\/h2>\n<\/div>\n<\/a>\n<\/div>\n\n<div class=\"gb-looper-8f321d8b\">\n<a class=\"gb-loop-item gb-loop-item-0d17edba post-51697 post type-post status-publish format-standard has-post-thumbnail hentry category-videos category-webinars tag-charge-management tag-industry-insights\" href=\"https:\/\/tenix.eu\/no\/videos\/battery-health-in-electric-bus-operations\/\">\n<img loading=\"lazy\" decoding=\"async\" width=\"768\" height=\"432\" alt=\"Webinar om batterihelse i elektriske busser med Tenix og PowerUp som diskuterer ladningens innvirkning p\u00e5 ytelse, nedbrytning og sikkerhet\" data-media-id=\"51698\" class=\"gb-media-77747605\" src=\"https:\/\/tenix.eu\/wp-content\/uploads\/2026\/03\/Charging_for_Longevity-768x432.png\" srcset=\"https:\/\/tenix.eu\/wp-content\/uploads\/2026\/03\/Charging_for_Longevity-768x432.png 768w, https:\/\/tenix.eu\/wp-content\/uploads\/2026\/03\/Charging_for_Longevity-300x169.png 300w, https:\/\/tenix.eu\/wp-content\/uploads\/2026\/03\/Charging_for_Longevity-1024x576.png 1024w, https:\/\/tenix.eu\/wp-content\/uploads\/2026\/03\/Charging_for_Longevity-18x10.png 18w, https:\/\/tenix.eu\/wp-content\/uploads\/2026\/03\/Charging_for_Longevity.png 1280w\" sizes=\"auto, (max-width: 768px) 100vw, 768px\" \/>\n\n\n\n<div class=\"gb-element-480cf69f\">\n<p class=\"gb-text gbp-card__meta-text gb-text-f0e3553c\"><span>Videoer<\/span>,<span>Webinarer<\/span><\/p>\n\n\n\n<h2 class=\"gb-text gbp-card__title gb-text-8b115c8b\"><span class=\"ez-toc-section\" id=\"Charging_for_Longevity_Battery_Health_in_Electric_Bus_Operations-2\"><\/span>Lading for lang levetid og batterihelse i elbussdrift<span class=\"ez-toc-section-end\"><\/span><\/h2>\n<\/div>\n<\/a>\n\n<a class=\"gb-loop-item gb-loop-item-0d17edba post-51612 post type-post status-publish format-standard has-post-thumbnail hentry category-videos tag-charge-management tag-product-technology\" href=\"https:\/\/tenix.eu\/no\/videos\/explainer-dynamic-charging-to-cut-costs\/\">\n<img loading=\"lazy\" decoding=\"async\" width=\"768\" height=\"432\" alt=\"Tenix&amp;apos;s Holly forklarer dynamisk lading\" data-media-id=\"51613\" class=\"gb-media-77747605\" src=\"https:\/\/tenix.eu\/wp-content\/uploads\/2026\/03\/Dynamic_Charging_Explainer_Thumbnail-1-768x432.png\" srcset=\"https:\/\/tenix.eu\/wp-content\/uploads\/2026\/03\/Dynamic_Charging_Explainer_Thumbnail-1-768x432.png 768w, https:\/\/tenix.eu\/wp-content\/uploads\/2026\/03\/Dynamic_Charging_Explainer_Thumbnail-1-300x169.png 300w, https:\/\/tenix.eu\/wp-content\/uploads\/2026\/03\/Dynamic_Charging_Explainer_Thumbnail-1-1024x576.png 1024w, https:\/\/tenix.eu\/wp-content\/uploads\/2026\/03\/Dynamic_Charging_Explainer_Thumbnail-1-18x10.png 18w, https:\/\/tenix.eu\/wp-content\/uploads\/2026\/03\/Dynamic_Charging_Explainer_Thumbnail-1.png 1280w\" sizes=\"auto, (max-width: 768px) 100vw, 768px\" \/>\n\n\n\n<div class=\"gb-element-480cf69f\">\n<p class=\"gb-text gbp-card__meta-text gb-text-f0e3553c\"><span>Videoer<\/span><\/p>\n\n\n\n<h2 class=\"gb-text gbp-card__title gb-text-8b115c8b\"><span class=\"ez-toc-section\" id=\"Explainer_Dynamic_Charging-2\"><\/span>Forklarer: Dynamisk lading<span class=\"ez-toc-section-end\"><\/span><\/h2>\n<\/div>\n<\/a>\n<\/div><\/div>\n<\/div>\n\n\n\n<a class=\"gb-text gbp-button--secondary gb-text-71dbe5a6\" href=\"https:\/\/tenix.eu\/no\/ressurser\/\">Se alle ressursene<\/a>\n<\/div>","protected":false},"excerpt":{"rendered":"<p>Investorer St\u00f8ttet av investorer som deler v\u00e5r visjon om en gr\u00f8nnere og smartere transportfremtid. Tenix Investors Id\u00e9kapital er et norsk risikokapitalselskap som st\u00f8tter skalerbare teknologiselskaper i hele Norden. Id\u00e9kapital har dyp ekspertise innen SaaS og industriell digitalisering, og samarbeider med gr\u00fcndere for \u00e5 bygge varige verdier og kategoridefinerende l\u00f8sninger. Bes\u00f8k Id\u00e9kapital Newday er et b\u00e6rekraftfokusert ... <a title=\"Investorer\" class=\"read-more\" href=\"https:\/\/tenix.eu\/no\/investors\/\" aria-label=\"Les mer om investorer\">Les mer<\/a><\/p>","protected":false},"author":18,"featured_media":50119,"parent":0,"menu_order":0,"comment_status":"closed","ping_status":"closed","template":"","meta":{"_acf_changed":false,"content-type":"","footnotes":""},"class_list":["post-47745","page","type-page","status-publish","has-post-thumbnail"],"acf":[],"_links":{"self":[{"href":"https:\/\/tenix.eu\/no\/wp-json\/wp\/v2\/pages\/47745","targetHints":{"allow":["GET"]}}],"collection":[{"href":"https:\/\/tenix.eu\/no\/wp-json\/wp\/v2\/pages"}],"about":[{"href":"https:\/\/tenix.eu\/no\/wp-json\/wp\/v2\/types\/page"}],"author":[{"embeddable":true,"href":"https:\/\/tenix.eu\/no\/wp-json\/wp\/v2\/users\/18"}],"replies":[{"embeddable":true,"href":"https:\/\/tenix.eu\/no\/wp-json\/wp\/v2\/comments?post=47745"}],"version-history":[{"count":33,"href":"https:\/\/tenix.eu\/no\/wp-json\/wp\/v2\/pages\/47745\/revisions"}],"predecessor-version":[{"id":51555,"href":"https:\/\/tenix.eu\/no\/wp-json\/wp\/v2\/pages\/47745\/revisions\/51555"}],"wp:featuredmedia":[{"embeddable":true,"href":"https:\/\/tenix.eu\/no\/wp-json\/wp\/v2\/media\/50119"}],"wp:attachment":[{"href":"https:\/\/tenix.eu\/no\/wp-json\/wp\/v2\/media?parent=47745"}],"curies":[{"name":"wp","href":"https:\/\/api.w.org\/{rel}","templated":true}]}}