{"id":48620,"date":"2025-09-28T16:12:59","date_gmt":"2025-09-28T16:12:59","guid":{"rendered":"https:\/\/tenix.eu\/?page_id=48620"},"modified":"2026-02-27T14:15:15","modified_gmt":"2026-02-27T14:15:15","slug":"kontakt","status":"publish","type":"page","link":"https:\/\/tenix.eu\/no\/contact\/","title":{"rendered":"Kontakt Tenix"},"content":{"rendered":"<header class=\"gb-element-2bdb6b83\">\n<div class=\"gbp-section__inner gb-element-37b9a5b5\">\n<div class=\"gb-element-f7c54bc1\">\n<div class=\"gb-element-62eb232e\">\n<h2 class=\"gb-text gb-text-6ef013ef\"><span class=\"ez-toc-section\" id=\"Have_a_question_or_need_support\"><\/span>Har du et sp\u00f8rsm\u00e5l eller trenger du hjelp?<span class=\"ez-toc-section-end\"><\/span><\/h2>\n\n\n\n<p>Fyll ut skjemaet, s\u00e5 tar vi kontakt med deg s\u00e5 snart som mulig. Vi er her for \u00e5 hjelpe deg med sp\u00f8rsm\u00e5l om produkter, serviceforesp\u00f8rsler eller samarbeidsmuligheter.<\/p>\n\n\n\n<div class=\"gb-element-6687e0fb\">\n<div class=\"gb-element-32694c40\">\n<h3 class=\"gb-text gb-text-e83fafe3\"><span class=\"ez-toc-section\" id=\"Customer_Support\"><\/span>Kundest\u00f8tte<span class=\"ez-toc-section-end\"><\/span><\/h3>\n\n\n\n<p class=\"gb-text gb-text-8e0b6bea\">Mandag\u2013fredag, 08.00\u201316.00 (CEST)<\/p>\n\n\n\n<p class=\"gb-text gb-text-2fb25d35\"><a href=\"mailto:kundeservice@tenix.eu\" target=\"_blank\" rel=\"noreferrer noopener\">kundeservice@tenix.eu<\/a><br><a href=\"tel:+4747770070\" target=\"_blank\" rel=\"noreferrer noopener\">+47 4777 0070<\/a><\/p>\n<\/div>\n\n\n\n<div class=\"gb-element-874e9d7b\">\n<h3 class=\"gb-text gb-text-78059c5d\"><span class=\"ez-toc-section\" id=\"Sales_Other_Inquiries\"><\/span>Salg og andre henvendelser<span class=\"ez-toc-section-end\"><\/span><\/h3>\n\n\n\n<p class=\"gb-text gb-text-63adff72\">Caroline Kverne<\/p>\n\n\n\n<p class=\"gb-text gb-text-aa42ee16\"><a href=\"mailto:caroline.kverne@tenix.eu\" target=\"_blank\" rel=\"noreferrer noopener\">caroline.kverne@tenix.eu<\/a><br><a href=\"tel:+4797791025\" target=\"_blank\" rel=\"noreferrer noopener\">+47 977 91 025<\/a><\/p>\n<\/div>\n\n\n\n<div class=\"gb-element-c812cab0\">\n<h3 class=\"gb-text gb-text-ff7e8496\"><span class=\"ez-toc-section\" id=\"Headquarters\"><\/span>Hovedkvarter<span class=\"ez-toc-section-end\"><\/span><\/h3>\n\n\n\n<p class=\"gb-text gb-text-ca96ede8\">Saga Tenix AS<\/p>\n\n\n\n<p class=\"gb-text gb-text-1b496444\"><a href=\"https:\/\/maps.app.goo.gl\/b8n9LmcFG7whVMm8A\" target=\"_blank\" rel=\"noreferrer noopener\">L\u00f8nningsvegen 47 5258<br>Blomsterdalen, Norge<\/a><\/p>\n<\/div>\n<\/div>\n<\/div>\n\n\n\n<div>\n<div class=\"wp-block-leadin-hubspot-form-block\">\n\t\t\t<div\n\t\t\tclass=\"hs-form-frame\"\n\t\t\tdata-region=\"eu1\"\n\t\t\tdata-form-id=\"503fdedd-ff30-4a98-bbab-71958b1b9c43\"\n\t\t\tdata-portal-id=\"146394780\"\n\t\t\t >\n\t\t\t<\/div>\n\t\t\t<\/div>\n<\/div>\n<\/div>\n<\/div>\n<\/header>","protected":false},"excerpt":{"rendered":"<p>Have a question or need support? Fill out the form and we\u2019ll get back to you as soon as possible. We\u2019re here to help with product questions, service requests, or partnership opportunities. Customer Support Monday-Friday, 8am-4pm (CEST) kundeservice@tenix.eu+47 4777 0070 Sales &amp; Other Inquiries Caroline Kverne caroline.kverne@tenix.eu+47 977 91 025 Headquarters Saga Tenix AS Lonningsvegen &#8230; <a title=\"Kontakt Tenix\" class=\"read-more\" href=\"https:\/\/tenix.eu\/no\/contact\/\" aria-label=\"Read more about Contact Tenix\">Les mer<\/a><\/p>","protected":false},"author":18,"featured_media":50119,"parent":0,"menu_order":0,"comment_status":"closed","ping_status":"closed","template":"","meta":{"_acf_changed":false,"content-type":"","footnotes":""},"class_list":["post-48620","page","type-page","status-publish","has-post-thumbnail"],"acf":[],"_links":{"self":[{"href":"https:\/\/tenix.eu\/no\/wp-json\/wp\/v2\/pages\/48620","targetHints":{"allow":["GET"]}}],"collection":[{"href":"https:\/\/tenix.eu\/no\/wp-json\/wp\/v2\/pages"}],"about":[{"href":"https:\/\/tenix.eu\/no\/wp-json\/wp\/v2\/types\/page"}],"author":[{"embeddable":true,"href":"https:\/\/tenix.eu\/no\/wp-json\/wp\/v2\/users\/18"}],"replies":[{"embeddable":true,"href":"https:\/\/tenix.eu\/no\/wp-json\/wp\/v2\/comments?post=48620"}],"version-history":[{"count":28,"href":"https:\/\/tenix.eu\/no\/wp-json\/wp\/v2\/pages\/48620\/revisions"}],"predecessor-version":[{"id":51551,"href":"https:\/\/tenix.eu\/no\/wp-json\/wp\/v2\/pages\/48620\/revisions\/51551"}],"wp:featuredmedia":[{"embeddable":true,"href":"https:\/\/tenix.eu\/no\/wp-json\/wp\/v2\/media\/50119"}],"wp:attachment":[{"href":"https:\/\/tenix.eu\/no\/wp-json\/wp\/v2\/media?parent=48620"}],"curies":[{"name":"wp","href":"https:\/\/api.w.org\/{rel}","templated":true}]}}